{"id":10947,"date":"2023-04-04T15:14:30","date_gmt":"2023-04-04T13:14:30","guid":{"rendered":"https:\/\/www.colmac-italia.com\/?post_type=product&#038;p=10947"},"modified":"2026-03-20T15:42:17","modified_gmt":"2026-03-20T14:42:17","slug":"mini-escavatore-18-quintali-airone-180-zt-colmac","status":"publish","type":"product","link":"https:\/\/www.colmac-italia.com\/es\/producto\/mini-escavatore-18-quintali-airone-180-zt-colmac\/","title":{"rendered":"Miniescavatore Airone 180 ZT"},"content":{"rendered":"<div class=\"wpb-content-wrapper\"><p>[vc_row][vc_column][vc_column_text css=\u00bb\u00bb]Il <strong>mini escavatore 18 quintali<\/strong> <strong>AIRONE 180 ZT girosagoma <\/strong>\u00e8 stato concepito per rispondere alla pi\u00f9 ampia gamma di applicazioni possibili. Esso offre una <strong>eccellente capacit\u00e0 di sollevamento e forza di scavo<\/strong>, caratteristiche di confort e di sicurezza ed una grande facilit\u00e0 di manutenzione e di trasporto.<\/p>\n<p>Il montaggio rapido delle benne , del martello demolitore e dei numerosi accessori agevola il lavoro dell\u2019operatore.<\/p>\n<p>Abbiamo concepito l&#8217;<strong>AIRONE 180 ZT<\/strong> con alcune priorit\u00e0: una eccellente profondit\u00e0 di scavo ed un ampio raggio di lavoro, priorit\u00e0 richiesta su macchine della categoria <strong>1,8 Ton<\/strong>. E, nonostante sia una macchina senza sporgenza posteriore, riesce a soddisfare tutte le esigenze cos\u00ec come una macchina tradizionale.<\/p>\n<h5>PRODUTTIVITA\u2019 E PERFORMANCE<\/h5>\n<p>L&#8217;AIRONE 180 ZT garantisce versatilit\u00e0 e prestazioni elevate.<br \/>\nL\u2019impiego dei nuovi cingoli in gomma a passo corto aiuta a ridurre le vibrazioni ed ottenere il massimo comfort.<\/p>\n<h5>COMPATTEZZA<\/h5>\n<p>Il nostro mini escavatore 18 quintali girosagoma con motore Kubota, a raggio di rotazione ridotto, \u00e8 in grado di fornire potenza e velocit\u00e0 di scavo ottimali quando si lavora in spazi ristretti: tra case o fabbricati ravvicinati, in cantieri stradali, nelle opere di demolizione o nelle fognature, laddove macchine tradizionali non sono in grado di operare. Robustezza ed eccellente stabilit\u00e0 garantiscono sicurezza e fiducia in qualsiasi condizione.[\/vc_column_text][\/vc_column][\/vc_row][vc_row disable_element=\u00bbyes\u00bb el_class=\u00bbprodotto_datasheet\u00bb][vc_column width=\u00bb1\/3&#8243;][vc_column_text]<\/p>\n<h4><span class=\"markedContent\"><strong><span dir=\"ltr\" role=\"presentation\">DIMENSIONI PRINCIPALI (mm)<\/span><\/strong><\/span><\/h4>\n<p><span class=\"markedContent\"><strong><span dir=\"ltr\" role=\"presentation\">a<\/span><\/strong> Lunghezza totale <span dir=\"ltr\" role=\"presentation\">(<strong>3707<\/strong>)<\/span><br role=\"presentation\" \/><strong><span dir=\"ltr\" role=\"presentation\">b<\/span><\/strong> <span dir=\"ltr\" role=\"presentation\">Larghezza cingoli (<strong>990\/1320<\/strong>)<\/span><br role=\"presentation\" \/><strong><span dir=\"ltr\" role=\"presentation\">c<\/span><\/strong> Altezza braccio chiuso<span dir=\"ltr\" role=\"presentation\"> (<strong>1185<\/strong>)<\/span><br role=\"presentation\" \/><span dir=\"ltr\" role=\"presentation\"><strong>d<\/strong> Altezza max cabina (<strong>2313<\/strong>)<\/span><br role=\"presentation\" \/><span dir=\"ltr\" role=\"presentation\"><strong>e<\/strong> Altezza contrappeso da terra (<strong>484<\/strong>)<\/span><br role=\"presentation\" \/><strong><span dir=\"ltr\" role=\"presentation\">f<\/span><\/strong> Altezza minima da terra<span dir=\"ltr\" role=\"presentation\">\u00a0(<strong>175<\/strong>)<\/span><br role=\"presentation\" \/><span dir=\"ltr\" role=\"presentation\"><strong>g<\/strong> Distanza dal centro alla coda (<strong>1000<\/strong>)<\/span><br role=\"presentation\" \/><span dir=\"ltr\" role=\"presentation\"><strong>h<\/strong> Interasse cingolo (<b>1210<\/b>)<\/span><br role=\"presentation\" \/><span dir=\"ltr\" role=\"presentation\"><strong>j<\/strong> Lunghezza cingolo (<strong>1588<\/strong>)<\/span><br role=\"presentation\" \/><span dir=\"ltr\" role=\"presentation\"><strong>k<\/strong> Interasse cingoli (<strong>760<\/strong>)<\/span><br role=\"presentation\" \/><strong><span dir=\"ltr\" role=\"presentation\">l<\/span><\/strong> Max larghezza<span dir=\"ltr\" role=\"presentation\"> (<b>990<\/b>)<\/span><br \/>\n<strong><span dir=\"ltr\" role=\"presentation\">m<\/span><\/strong> Impronta cingolo<span dir=\"ltr\" role=\"presentation\">\u00a0(<b>230<\/b>)<\/span><br \/>\n<\/span>[\/vc_column_text][\/vc_column][vc_column width=\u00bb1\/3&#8243;][vc_column_text]<\/p>\n<h4><span class=\"markedContent\"><span dir=\"ltr\" role=\"presentation\"><strong>DIMENSIONI OPERATIVE (mm)<\/strong><\/span><\/span><\/h4>\n<p><span class=\"markedContent\"><span dir=\"ltr\" role=\"presentation\"><strong>o<\/strong> Max altezza braccio (<strong>3327<\/strong>)<\/span><br role=\"presentation\" \/><span dir=\"ltr\" role=\"presentation\"><strong>p<\/strong> Max altezza scarico (<strong>3580<\/strong>)<\/span><br role=\"presentation\" \/><span dir=\"ltr\" role=\"presentation\"><strong>q<\/strong> Max profondit\u00e0 scavo (<strong>2110<\/strong>)<\/span><br role=\"presentation\" \/><span dir=\"ltr\" role=\"presentation\"><strong>r<\/strong> Max profondit\u00e0 scavo verticale (<strong>1600<\/strong>)<\/span><br role=\"presentation\" \/><span dir=\"ltr\" role=\"presentation\"><strong>t<\/strong> Max distanza scavo (<strong>3947<\/strong>)<\/span><\/span><span class=\"markedContent\"><br \/>\n<\/span>[\/vc_column_text][\/vc_column][vc_column width=\u00bb1\/3&#8243;][vc_column_text css=\u00bb\u00bb]<\/p>\n<h4><span class=\"markedContent\"><span dir=\"ltr\" role=\"presentation\"><strong>SPECIFICHE TECNICHE<\/strong><\/span><\/span><\/h4>\n<p><span class=\"markedContent\"><span dir=\"ltr\" role=\"presentation\">Peso operativo (<strong>1.800 Kg<\/strong>)<\/span><br role=\"presentation\" \/><span dir=\"ltr\" role=\"presentation\">Modello (<b>KUBOTA D902 E4B)<\/b><\/span><br role=\"presentation\" \/><span dir=\"ltr\" role=\"presentation\">Velocit\u00e0 di rotazione (<strong>8,5 r\/min<\/strong>)<\/span><br role=\"presentation\" \/><span dir=\"ltr\" role=\"presentation\">Pendenza massima (<strong>58% 30\u00b0<\/strong>)<\/span><br role=\"presentation\" \/><span dir=\"ltr\" role=\"presentation\">Tipo Pompa (<strong>Idraulica NACHI<\/strong>)<\/span><br role=\"presentation\" \/><span dir=\"ltr\" role=\"presentation\">Pressione (<strong>21 MPa<\/strong>)<br \/>\n<\/span>Pressione al suolo (<strong>28 Kpa<\/strong>)<br role=\"presentation\" \/><span dir=\"ltr\" role=\"presentation\">Portata olio (<strong>49,5\u00a0L\/min<\/strong>)<\/span><br role=\"presentation\" \/><span dir=\"ltr\" role=\"presentation\">Serbatoio dell\u2019olio (<strong>21 Lt<\/strong>)<\/span><br role=\"presentation\" \/><span dir=\"ltr\" role=\"presentation\">Serbatoio carburante (<strong>22 Lt<\/strong>)<\/span><br role=\"presentation\" \/><span dir=\"ltr\" role=\"presentation\">Capacit\u00e0 della benna (<strong>0,04 m3<\/strong>)<br \/>\nForza di scavo del braccio (<strong>8,6 kN<\/strong>)<br \/>\nForza di scavo del benna (<strong>13,5 kN<\/strong>)<br \/>\n<\/span><\/span>[\/vc_column_text][\/vc_column][\/vc_row][vc_row][vc_column][vc_separator][\/vc_column][vc_column width=\u00bb1\/3&#8243;][vc_single_image image=\u00bb20429&#8243; img_size=\u00bbfull\u00bb css=\u00bb\u00bb title=\u00bbKubota D902 e4b\u00bb][\/vc_column][vc_column width=\u00bb1\/3&#8243;][vc_single_image image=\u00bb13752&#8243; img_size=\u00bbfull\u00bb][\/vc_column][vc_column width=\u00bb1\/3&#8243;][vc_single_image image=\u00bb10954&#8243; img_size=\u00bbfull\u00bb alignment=\u00bbcenter\u00bb css=\u00bb\u00bb][\/vc_column][vc_column][vc_separator][\/vc_column][\/vc_row][vc_row el_class=\u00bbprodotto_datasheet\u00bb][vc_column width=\u00bb1\/2&#8243;][vc_column_text]<span style=\"color: #ff0000;\"><strong class=\"escavatori_number\">1<\/strong><\/span><\/p>\n<h4><strong>TETTUCCIO ROPS\/FOPS <\/strong><strong>STRUTTURA DI PROTEZIONE <\/strong><strong>ANTIRIBALTAMENTO<\/strong><\/h4>\n<p>Sicurezza innanzitutto. Il tettuccio \u00e8 conforme alle norme ROPS (Struttura di protezione antischiacciamento) e FOPS (Struttura di protezione anticaduta oggetti) secondo le disposizioni del livello 1.[\/vc_column_text][vc_column_text]<span style=\"color: #ff0000;\"><strong class=\"escavatori_number\">2<\/strong><\/span><\/p>\n<h4><strong>COFANO MOTORE AD APERTURA TOTALE<\/strong><\/h4>\n<p>Il sollevamento totale del cofano agevola la visibilit\u00e0 alla maggior parte del motore consentendo una facile accessibilit\u00e0 ai componenti.[\/vc_column_text][vc_column_text]<span style=\"color: #ff0000;\"><strong class=\"escavatori_number\">3<\/strong><\/span><\/p>\n<h4><strong>LAMA ESTENSIBILE CON SISTEMA DI RIPIEGAMENTO SEMPLICE<\/strong><\/h4>\n<p>Estensioni della lama incernierate alla lama principale. Cambiamento di posizione rapido senza bisogno di utensili. Nessun rischio di perdere le estensioni della lama.[\/vc_column_text][\/vc_column][vc_column width=\u00bb1\/2&#8243;][vc_column_text css=\u00bb\u00bb]<span style=\"color: #ff0000;\"><strong class=\"escavatori_number\">4<\/strong><\/span><\/p>\n<h4><strong>CARRO A LARGHEZZA VARIABILE<\/strong><\/h4>\n<p>Con l\u2019azionamento di una sola leva, il nostro mini escavatore 18 quintali Airone 180 ZT pu\u00f2 ridurre idraulicamente la larghezza del carro in pochi secondi fino a 990 mm per facilitare l\u2019impiego in spazi ristretti. Viceversa, allargando il carro alla massima estensione di 1240 mm, si aumenta di circa il 20% la stabilit\u00e0, ottenendo un pi\u00f9 elevato livello di sicurezza anche quando si lavora col martello demolitore idraulico.[\/vc_column_text][vc_column_text]<span style=\"color: #ff0000;\"><strong class=\"escavatori_number\">5<\/strong><\/span><\/p>\n<h4><strong>MASSIMA SICUREZZA PER L\u2019OPERATORE<\/strong><\/h4>\n<p>&#8211; Cintura di sicurezza.<br \/>\n&#8211; Leva di sicurezza: blocca i comandi principali della macchina.<br \/>\n&#8211; Largo contrappeso in fusione: protegge tutta la parte posteriore della macchina.<br \/>\n&#8211; Faro di lavoro sul braccio.[\/vc_column_text][vc_column_text]<span style=\"color: #ff0000;\"><strong class=\"escavatori_number\">6<\/strong><\/span><\/p>\n<h4><strong>PROTEZIONE DEL PISTONE IDRAULICO<\/strong><\/h4>\n<p>Il pistone \u00e8 posizionato nella parte posteriore del braccio, per assicurare la massima sicurezza, evitare l\u2019involontaria intrusione di detriti e proteggerlo dal materiale inerte e dagli urti.[\/vc_column_text][\/vc_column][\/vc_row][vc_row][vc_column][vc_column_text]Vuoi consultare gli altri\u00a0<a href=\"https:\/\/www.colmac-italia.com\/categoria-prodotto\/miniescavatori-cingolati\/\">modelli di miniescavatori<\/a>?[\/vc_column_text][\/vc_column][\/vc_row]<\/p>\n<\/div>","protected":false},"excerpt":{"rendered":"<p><strong>Il nostro mini escavatore 18 quintali<\/strong> \u00e8 stato concepito per rispondere alla pi\u00f9 ampia gamma di applicazioni possibili con <strong>5 anni di garanzia totale! <\/strong><\/p>\n","protected":false},"featured_media":23737,"template":"","meta":{"_acf_changed":false},"product_brand":[],"product_cat":[344],"product_tag":[],"class_list":{"0":"post-10947","1":"product","2":"type-product","3":"status-publish","4":"has-post-thumbnail","6":"product_cat-miniescavatori-cingolati","7":"product_shipping_class-escavatori","9":"first","10":"instock","11":"sale","12":"taxable","13":"shipping-taxable","14":"purchasable","15":"product-type-simple"},"acf":[],"yoast_head":"<!-- This site is optimized with the Yoast SEO Premium plugin v27.3 (Yoast SEO v27.4) - https:\/\/yoast.com\/product\/yoast-seo-premium-wordpress\/ -->\n<title>Mini escavatore 18 quintali girosagoma Airone 180 ZT | Colmac Italia<\/title>\n<meta name=\"description\" content=\"Scopri il mini escavatore 18 quintali girosagoma, progettato per eccellenti prestazioni in ogni applicazione. Richiedilo ora e inizia il tuo lavoro!\" \/>\n<meta name=\"robots\" content=\"index, follow, max-snippet:-1, max-image-preview:large, max-video-preview:-1\" \/>\n<link rel=\"canonical\" href=\"https:\/\/www.colmac-italia.com\/prodotto\/mini-escavatore-18-quintali-airone-180-zt-colmac\/\" \/>\n<meta property=\"og:locale\" content=\"es_ES\" \/>\n<meta property=\"og:type\" content=\"article\" \/>\n<meta property=\"og:title\" content=\"Miniescavatore Airone 180 ZT\" \/>\n<meta property=\"og:description\" content=\"Scopri il mini escavatore 18 quintali girosagoma, progettato per eccellenti prestazioni in ogni applicazione. Richiedilo ora e inizia il tuo lavoro!\" \/>\n<meta property=\"og:url\" content=\"https:\/\/www.colmac-italia.com\/prodotto\/mini-escavatore-18-quintali-airone-180-zt-colmac\/\" \/>\n<meta property=\"og:site_name\" content=\"Colmac Italia - Attrezzature per l&#039;edilizia e l&#039;agricoltura\" \/>\n<meta property=\"article:publisher\" content=\"https:\/\/www.facebook.com\/Colmac.Italia\/\" \/>\n<meta property=\"article:modified_time\" content=\"2026-03-20T14:42:17+00:00\" \/>\n<meta property=\"og:image\" content=\"https:\/\/www.colmac-italia.com\/wp-content\/uploads\/2023\/04\/Airone-180-zt-Colmac.jpg\" \/>\n\t<meta property=\"og:image:width\" content=\"1501\" \/>\n\t<meta property=\"og:image:height\" content=\"1500\" \/>\n\t<meta property=\"og:image:type\" content=\"image\/jpeg\" \/>\n<meta name=\"twitter:card\" content=\"summary_large_image\" \/>\n<meta name=\"twitter:label1\" content=\"Precio\" \/>\n\t<meta name=\"twitter:data1\" content=\"17.600&euro; IVA esclusa\" \/>\n\t<meta name=\"twitter:label2\" content=\"Disponibilidad\" \/>\n\t<meta name=\"twitter:data2\" content=\"Disponible\" \/>\n<script type=\"application\/ld+json\" class=\"yoast-schema-graph\">{\"@context\":\"https:\\\/\\\/schema.org\",\"@graph\":[{\"@type\":\"WebPage\",\"@id\":\"https:\\\/\\\/www.colmac-italia.com\\\/prodotto\\\/mini-escavatore-18-quintali-airone-180-zt-colmac\\\/\",\"url\":\"https:\\\/\\\/www.colmac-italia.com\\\/prodotto\\\/mini-escavatore-18-quintali-airone-180-zt-colmac\\\/\",\"name\":\"Mini escavatore 18 quintali girosagoma Airone 180 ZT | Colmac Italia\",\"isPartOf\":{\"@id\":\"https:\\\/\\\/www.colmac-italia.com\\\/#website\"},\"primaryImageOfPage\":{\"@id\":\"https:\\\/\\\/www.colmac-italia.com\\\/prodotto\\\/mini-escavatore-18-quintali-airone-180-zt-colmac\\\/#primaryimage\"},\"image\":{\"@id\":\"https:\\\/\\\/www.colmac-italia.com\\\/prodotto\\\/mini-escavatore-18-quintali-airone-180-zt-colmac\\\/#primaryimage\"},\"thumbnailUrl\":\"https:\\\/\\\/www.colmac-italia.com\\\/wp-content\\\/uploads\\\/2023\\\/04\\\/Airone-180-zt-Colmac.jpg\",\"datePublished\":\"2023-04-04T13:14:30+00:00\",\"dateModified\":\"2026-03-20T14:42:17+00:00\",\"description\":\"Scopri il mini escavatore 18 quintali girosagoma, progettato per eccellenti prestazioni in ogni applicazione. Richiedilo ora e inizia il tuo lavoro!\",\"breadcrumb\":{\"@id\":\"https:\\\/\\\/www.colmac-italia.com\\\/prodotto\\\/mini-escavatore-18-quintali-airone-180-zt-colmac\\\/#breadcrumb\"},\"inLanguage\":\"es\",\"potentialAction\":[{\"@type\":\"ReadAction\",\"target\":[\"https:\\\/\\\/www.colmac-italia.com\\\/prodotto\\\/mini-escavatore-18-quintali-airone-180-zt-colmac\\\/\"]}]},{\"@type\":\"ImageObject\",\"inLanguage\":\"es\",\"@id\":\"https:\\\/\\\/www.colmac-italia.com\\\/prodotto\\\/mini-escavatore-18-quintali-airone-180-zt-colmac\\\/#primaryimage\",\"url\":\"https:\\\/\\\/www.colmac-italia.com\\\/wp-content\\\/uploads\\\/2023\\\/04\\\/Airone-180-zt-Colmac.jpg\",\"contentUrl\":\"https:\\\/\\\/www.colmac-italia.com\\\/wp-content\\\/uploads\\\/2023\\\/04\\\/Airone-180-zt-Colmac.jpg\",\"width\":1501,\"height\":1500,\"caption\":\"Mini escavatore 18 quintali\"},{\"@type\":\"BreadcrumbList\",\"@id\":\"https:\\\/\\\/www.colmac-italia.com\\\/prodotto\\\/mini-escavatore-18-quintali-airone-180-zt-colmac\\\/#breadcrumb\",\"itemListElement\":[{\"@type\":\"ListItem\",\"position\":1,\"name\":\"Inicio\",\"item\":\"https:\\\/\\\/www.colmac-italia.com\\\/es\\\/\"},{\"@type\":\"ListItem\",\"position\":2,\"name\":\"Tienda\",\"item\":\"https:\\\/\\\/www.colmac-italia.com\\\/es\\\/tienda\\\/\"},{\"@type\":\"ListItem\",\"position\":3,\"name\":\"Miniescavatori Cingolati\",\"item\":\"https:\\\/\\\/www.colmac-italia.com\\\/categoria-prodotto\\\/miniescavatori-cingolati\\\/\"},{\"@type\":\"ListItem\",\"position\":4,\"name\":\"Miniescavatore Airone 180 ZT\"}]},{\"@type\":\"WebSite\",\"@id\":\"https:\\\/\\\/www.colmac-italia.com\\\/#website\",\"url\":\"https:\\\/\\\/www.colmac-italia.com\\\/\",\"name\":\"Colmac Italia - Attrezzature per l'edilizia e l'agricoltura\",\"description\":\"Tecnologia e innovazione per l'edilizia e l'agricoltura\",\"publisher\":{\"@id\":\"https:\\\/\\\/www.colmac-italia.com\\\/#organization\"},\"potentialAction\":[{\"@type\":\"SearchAction\",\"target\":{\"@type\":\"EntryPoint\",\"urlTemplate\":\"https:\\\/\\\/www.colmac-italia.com\\\/?s={search_term_string}\"},\"query-input\":{\"@type\":\"PropertyValueSpecification\",\"valueRequired\":true,\"valueName\":\"search_term_string\"}}],\"inLanguage\":\"es\"},{\"@type\":[\"Organization\",\"Place\",\"Store\"],\"@id\":\"https:\\\/\\\/www.colmac-italia.com\\\/#organization\",\"name\":\"Colmac Italia\",\"url\":\"https:\\\/\\\/www.colmac-italia.com\\\/\",\"logo\":{\"@id\":\"https:\\\/\\\/www.colmac-italia.com\\\/prodotto\\\/mini-escavatore-18-quintali-airone-180-zt-colmac\\\/#local-main-organization-logo\"},\"image\":{\"@id\":\"https:\\\/\\\/www.colmac-italia.com\\\/prodotto\\\/mini-escavatore-18-quintali-airone-180-zt-colmac\\\/#local-main-organization-logo\"},\"sameAs\":[\"https:\\\/\\\/www.facebook.com\\\/Colmac.Italia\\\/\"],\"address\":{\"@id\":\"https:\\\/\\\/www.colmac-italia.com\\\/prodotto\\\/mini-escavatore-18-quintali-airone-180-zt-colmac\\\/#local-main-place-address\"},\"geo\":{\"@type\":\"GeoCoordinates\",\"latitude\":\"40.1232866214504\",\"longitude\":\"18.127107811653847\"},\"telephone\":[\"+393472767738\",\"+393472767738\"],\"contactPoint\":{\"@type\":\"ContactPoint\",\"email\":\"colmac.italia@gmail.com\"},\"openingHoursSpecification\":[{\"@type\":\"OpeningHoursSpecification\",\"dayOfWeek\":[\"Monday\",\"Tuesday\",\"Wednesday\",\"Thursday\",\"Friday\"],\"opens\":\"09:00\",\"closes\":\"17:00\"},{\"@type\":\"OpeningHoursSpecification\",\"dayOfWeek\":[\"Saturday\",\"Sunday\"],\"opens\":\"00:00\",\"closes\":\"00:00\"}],\"email\":\"info@colmac-italia.com\",\"areaServed\":\"Europa\",\"vatID\":\"05009330753\",\"taxID\":\"05009330753\",\"priceRange\":\"$$$\",\"currenciesAccepted\":\"Euro\",\"paymentAccepted\":\"Paypal, Bonifico, Sella Personal Credit, Heylight\"},{\"@type\":\"PostalAddress\",\"@id\":\"https:\\\/\\\/www.colmac-italia.com\\\/prodotto\\\/mini-escavatore-18-quintali-airone-180-zt-colmac\\\/#local-main-place-address\",\"streetAddress\":\"Via Circonvallazione, 32\",\"addressLocality\":\"Aradeo\",\"postalCode\":\"73040\",\"addressRegion\":\"LE\",\"addressCountry\":\"IT\"},{\"@type\":\"ImageObject\",\"inLanguage\":\"es\",\"@id\":\"https:\\\/\\\/www.colmac-italia.com\\\/prodotto\\\/mini-escavatore-18-quintali-airone-180-zt-colmac\\\/#local-main-organization-logo\",\"url\":\"https:\\\/\\\/www.colmac-italia.com\\\/wp-content\\\/uploads\\\/2020\\\/04\\\/seo.jpg\",\"contentUrl\":\"https:\\\/\\\/www.colmac-italia.com\\\/wp-content\\\/uploads\\\/2020\\\/04\\\/seo.jpg\",\"width\":1200,\"height\":1200,\"caption\":\"Colmac Italia\"}]}<\/script>\n<meta property=\"product:price:amount\" content=\"17600\" \/>\n<meta property=\"product:price:currency\" content=\"EUR\" \/>\n<meta property=\"og:availability\" content=\"instock\" \/>\n<meta property=\"product:availability\" content=\"instock\" \/>\n<meta property=\"product:condition\" content=\"new\" \/>\n<meta name=\"geo.placename\" content=\"Aradeo\" \/>\n<meta name=\"geo.position\" content=\"40.1232866214504;18.127107811653847\" \/>\n<meta name=\"geo.region\" content=\"Italia\" \/>\n<!-- \/ Yoast SEO Premium plugin. -->","yoast_head_json":{"title":"Mini escavatore 18 quintali girosagoma Airone 180 ZT | Colmac Italia","description":"Scopri il mini escavatore 18 quintali girosagoma, progettato per eccellenti prestazioni in ogni applicazione. Richiedilo ora e inizia il tuo lavoro!","robots":{"index":"index","follow":"follow","max-snippet":"max-snippet:-1","max-image-preview":"max-image-preview:large","max-video-preview":"max-video-preview:-1"},"canonical":"https:\/\/www.colmac-italia.com\/prodotto\/mini-escavatore-18-quintali-airone-180-zt-colmac\/","og_locale":"es_ES","og_type":"article","og_title":"Miniescavatore Airone 180 ZT","og_description":"Scopri il mini escavatore 18 quintali girosagoma, progettato per eccellenti prestazioni in ogni applicazione. Richiedilo ora e inizia il tuo lavoro!","og_url":"https:\/\/www.colmac-italia.com\/prodotto\/mini-escavatore-18-quintali-airone-180-zt-colmac\/","og_site_name":"Colmac Italia - Attrezzature per l'edilizia e l'agricoltura","article_publisher":"https:\/\/www.facebook.com\/Colmac.Italia\/","article_modified_time":"2026-03-20T14:42:17+00:00","og_image":[{"width":1501,"height":1500,"url":"https:\/\/www.colmac-italia.com\/wp-content\/uploads\/2023\/04\/Airone-180-zt-Colmac.jpg","type":"image\/jpeg"}],"twitter_card":"summary_large_image","twitter_misc":{"Precio":"17.600&euro; IVA esclusa","Disponibilidad":"Disponible"},"schema":{"@context":"https:\/\/schema.org","@graph":[{"@type":"WebPage","@id":"https:\/\/www.colmac-italia.com\/prodotto\/mini-escavatore-18-quintali-airone-180-zt-colmac\/","url":"https:\/\/www.colmac-italia.com\/prodotto\/mini-escavatore-18-quintali-airone-180-zt-colmac\/","name":"Mini escavatore 18 quintali girosagoma Airone 180 ZT | Colmac Italia","isPartOf":{"@id":"https:\/\/www.colmac-italia.com\/#website"},"primaryImageOfPage":{"@id":"https:\/\/www.colmac-italia.com\/prodotto\/mini-escavatore-18-quintali-airone-180-zt-colmac\/#primaryimage"},"image":{"@id":"https:\/\/www.colmac-italia.com\/prodotto\/mini-escavatore-18-quintali-airone-180-zt-colmac\/#primaryimage"},"thumbnailUrl":"https:\/\/www.colmac-italia.com\/wp-content\/uploads\/2023\/04\/Airone-180-zt-Colmac.jpg","datePublished":"2023-04-04T13:14:30+00:00","dateModified":"2026-03-20T14:42:17+00:00","description":"Scopri il mini escavatore 18 quintali girosagoma, progettato per eccellenti prestazioni in ogni applicazione. Richiedilo ora e inizia il tuo lavoro!","breadcrumb":{"@id":"https:\/\/www.colmac-italia.com\/prodotto\/mini-escavatore-18-quintali-airone-180-zt-colmac\/#breadcrumb"},"inLanguage":"es","potentialAction":[{"@type":"ReadAction","target":["https:\/\/www.colmac-italia.com\/prodotto\/mini-escavatore-18-quintali-airone-180-zt-colmac\/"]}]},{"@type":"ImageObject","inLanguage":"es","@id":"https:\/\/www.colmac-italia.com\/prodotto\/mini-escavatore-18-quintali-airone-180-zt-colmac\/#primaryimage","url":"https:\/\/www.colmac-italia.com\/wp-content\/uploads\/2023\/04\/Airone-180-zt-Colmac.jpg","contentUrl":"https:\/\/www.colmac-italia.com\/wp-content\/uploads\/2023\/04\/Airone-180-zt-Colmac.jpg","width":1501,"height":1500,"caption":"Mini escavatore 18 quintali"},{"@type":"BreadcrumbList","@id":"https:\/\/www.colmac-italia.com\/prodotto\/mini-escavatore-18-quintali-airone-180-zt-colmac\/#breadcrumb","itemListElement":[{"@type":"ListItem","position":1,"name":"Inicio","item":"https:\/\/www.colmac-italia.com\/es\/"},{"@type":"ListItem","position":2,"name":"Tienda","item":"https:\/\/www.colmac-italia.com\/es\/tienda\/"},{"@type":"ListItem","position":3,"name":"Miniescavatori Cingolati","item":"https:\/\/www.colmac-italia.com\/categoria-prodotto\/miniescavatori-cingolati\/"},{"@type":"ListItem","position":4,"name":"Miniescavatore Airone 180 ZT"}]},{"@type":"WebSite","@id":"https:\/\/www.colmac-italia.com\/#website","url":"https:\/\/www.colmac-italia.com\/","name":"Colmac Italia - Attrezzature per l'edilizia e l'agricoltura","description":"Tecnologia e innovazione per l'edilizia e l'agricoltura","publisher":{"@id":"https:\/\/www.colmac-italia.com\/#organization"},"potentialAction":[{"@type":"SearchAction","target":{"@type":"EntryPoint","urlTemplate":"https:\/\/www.colmac-italia.com\/?s={search_term_string}"},"query-input":{"@type":"PropertyValueSpecification","valueRequired":true,"valueName":"search_term_string"}}],"inLanguage":"es"},{"@type":["Organization","Place","Store"],"@id":"https:\/\/www.colmac-italia.com\/#organization","name":"Colmac Italia","url":"https:\/\/www.colmac-italia.com\/","logo":{"@id":"https:\/\/www.colmac-italia.com\/prodotto\/mini-escavatore-18-quintali-airone-180-zt-colmac\/#local-main-organization-logo"},"image":{"@id":"https:\/\/www.colmac-italia.com\/prodotto\/mini-escavatore-18-quintali-airone-180-zt-colmac\/#local-main-organization-logo"},"sameAs":["https:\/\/www.facebook.com\/Colmac.Italia\/"],"address":{"@id":"https:\/\/www.colmac-italia.com\/prodotto\/mini-escavatore-18-quintali-airone-180-zt-colmac\/#local-main-place-address"},"geo":{"@type":"GeoCoordinates","latitude":"40.1232866214504","longitude":"18.127107811653847"},"telephone":["+393472767738","+393472767738"],"contactPoint":{"@type":"ContactPoint","email":"colmac.italia@gmail.com"},"openingHoursSpecification":[{"@type":"OpeningHoursSpecification","dayOfWeek":["Monday","Tuesday","Wednesday","Thursday","Friday"],"opens":"09:00","closes":"17:00"},{"@type":"OpeningHoursSpecification","dayOfWeek":["Saturday","Sunday"],"opens":"00:00","closes":"00:00"}],"email":"info@colmac-italia.com","areaServed":"Europa","vatID":"05009330753","taxID":"05009330753","priceRange":"$$$","currenciesAccepted":"Euro","paymentAccepted":"Paypal, Bonifico, Sella Personal Credit, Heylight"},{"@type":"PostalAddress","@id":"https:\/\/www.colmac-italia.com\/prodotto\/mini-escavatore-18-quintali-airone-180-zt-colmac\/#local-main-place-address","streetAddress":"Via Circonvallazione, 32","addressLocality":"Aradeo","postalCode":"73040","addressRegion":"LE","addressCountry":"IT"},{"@type":"ImageObject","inLanguage":"es","@id":"https:\/\/www.colmac-italia.com\/prodotto\/mini-escavatore-18-quintali-airone-180-zt-colmac\/#local-main-organization-logo","url":"https:\/\/www.colmac-italia.com\/wp-content\/uploads\/2020\/04\/seo.jpg","contentUrl":"https:\/\/www.colmac-italia.com\/wp-content\/uploads\/2020\/04\/seo.jpg","width":1200,"height":1200,"caption":"Colmac Italia"}]},"product_price_amount":"17600","product_price_currency":"EUR","og_availability":"instock","product_availability":"instock","product_condition":"new","geo.placename":"Aradeo","geo.position":{"lat":"40.1232866214504","long":"18.127107811653847"},"geo.region":"Italia"},"_links":{"self":[{"href":"https:\/\/www.colmac-italia.com\/es\/wp-json\/wp\/v2\/product\/10947","targetHints":{"allow":["GET"]}}],"collection":[{"href":"https:\/\/www.colmac-italia.com\/es\/wp-json\/wp\/v2\/product"}],"about":[{"href":"https:\/\/www.colmac-italia.com\/es\/wp-json\/wp\/v2\/types\/product"}],"wp:featuredmedia":[{"embeddable":true,"href":"https:\/\/www.colmac-italia.com\/es\/wp-json\/wp\/v2\/media\/23737"}],"wp:attachment":[{"href":"https:\/\/www.colmac-italia.com\/es\/wp-json\/wp\/v2\/media?parent=10947"}],"wp:term":[{"taxonomy":"product_brand","embeddable":true,"href":"https:\/\/www.colmac-italia.com\/es\/wp-json\/wp\/v2\/product_brand?post=10947"},{"taxonomy":"product_cat","embeddable":true,"href":"https:\/\/www.colmac-italia.com\/es\/wp-json\/wp\/v2\/product_cat?post=10947"},{"taxonomy":"product_tag","embeddable":true,"href":"https:\/\/www.colmac-italia.com\/es\/wp-json\/wp\/v2\/product_tag?post=10947"}],"curies":[{"name":"wp","href":"https:\/\/api.w.org\/{rel}","templated":true}]}}